{"id":1489,"date":"2023-04-01T10:55:33","date_gmt":"2023-04-01T08:55:33","guid":{"rendered":"https:\/\/www.igpaffrath.de\/wp\/?page_id=1489"},"modified":"2024-08-29T20:57:55","modified_gmt":"2024-08-29T18:57:55","slug":"aktuelles","status":"publish","type":"page","link":"https:\/\/www.igpaffrath.de\/wp\/?page_id=1489","title":{"rendered":"Aktuelles"},"content":{"rendered":"<p><a href=\"https:\/\/www.igpaffrath.de\/wp\/wp-content\/uploads\/2024\/02\/IMG_20240210_160444.png\"><img loading=\"lazy\" decoding=\"async\" class=\"aligncenter wp-image-1594 size-full\" src=\"https:\/\/www.igpaffrath.de\/wp\/wp-content\/uploads\/2024\/02\/IMG_20240210_160444.png\" alt=\"\" width=\"421\" height=\"265\"><\/a><\/p>\n<p><strong>Wie kann es weitergehen?<\/strong><\/p>\n<p>Das 41. Paffrather Dorffest im Jahr 2023 hatte f\u00fcr die Interessengemeinschaft Paffrath e.V. (IGP eV)mit einem herben Verlust abgeschlossen,der nur durch au\u00dfergew\u00f6hnliche Anstrengungen aller Mitgliederausgeglichen werden konnte.Deshalb war der Verein gezwungen, dieses Jahr zu \u201epausieren\u201c.<\/p>\n<p>Auf der Suche nach einem tragf\u00e4higen Konzept f\u00fcr die Zukunftbrauchen die Verantwortlichen jetzt \u201e<strong>Antworten aus ihrem Dorf<\/strong>\u201c.<\/p>\n<p>Die Umfrage mit dem Ziel&nbsp; \u2013&nbsp; vor allem von den Paffrathern, ein Stim\u00admungsbild zu erhalten, ob und in welcher Form sie sich eine Fortf\u00fchrung dieses traditionsreichen ge\u00admeinsamen Feier-Wochen\u00adendes w\u00fcnschen, kann hier heruntergeladen werden:<\/p>\n<p>&nbsp;<a href=\"https:\/\/www.igpaffrath.de\/wp\/wp-content\/uploads\/2024\/08\/Fragebogen_2024.pdf\">Fragebogen_2024<\/a><\/p>\n<p>Au\u00dferdem wird der IGP-Vorstand das Grillfest der KG Alt-Paffrath am Freitag, den 30. August zur Verteilung vor Ort nutzen.<\/p>\n<p><strong>Interessengemeinschaft Paffrath e.V.<br \/>\n<\/strong>Der Vorstand<\/p>\n<p>&nbsp;<\/p>\n<p>&nbsp;<\/p>\n<p>&#8222;Analog&#8220; finden Sie Aktuelles aus Paffrath im <strong>Infokasten <\/strong>auf dem Hans-Hachenbergplatz.<br \/>\nAnsprechpartner &amp; Kontakt: Wolfgang Eschbach, Email: wolfgang_eschbach(at)gmx.de<\/p>\n<p><a href=\"https:\/\/www.igpaffrath.de\/wp\/wp-content\/uploads\/2023\/04\/1680340755959.jpg\"><img loading=\"lazy\" decoding=\"async\" class=\"aligncenter wp-image-1509\" src=\"https:\/\/www.igpaffrath.de\/wp\/wp-content\/uploads\/2023\/04\/1680340755959-580x433.jpg\" alt=\"\" width=\"381\" height=\"284\" srcset=\"https:\/\/www.igpaffrath.de\/wp\/wp-content\/uploads\/2023\/04\/1680340755959-580x433.jpg 580w, https:\/\/www.igpaffrath.de\/wp\/wp-content\/uploads\/2023\/04\/1680340755959-940x702.jpg 940w, https:\/\/www.igpaffrath.de\/wp\/wp-content\/uploads\/2023\/04\/1680340755959-768x573.jpg 768w, https:\/\/www.igpaffrath.de\/wp\/wp-content\/uploads\/2023\/04\/1680340755959-1536x1147.jpg 1536w, https:\/\/www.igpaffrath.de\/wp\/wp-content\/uploads\/2023\/04\/1680340755959.jpg 1901w\" sizes=\"auto, (max-width: 381px) 100vw, 381px\" \/><\/a>Auf <strong><a href=\"https:\/\/www.facebook.com\/InteressengemeinschaftPaffrathEv\" target=\"_blank\" rel=\"noopener\">Facebook<\/a> <\/strong>und<strong> <a href=\"https:\/\/instagram.com\/ig_paffrath?igshid=ZDdkNTZiNTM=\">Instagram<\/a><\/strong> informieren wir Sie regelm\u00e4\u00dfig \u00fcber Neuigkeiten von uns, unseren Mitgliedern und was es aus Paffrath und der Nachbarschaft zu berichten gibt:<\/p>\n<p><a href=\"https:\/\/www.facebook.com\/InteressengemeinschaftPaffrathEv\" target=\"_blank\" rel=\"noopener\"><img loading=\"lazy\" decoding=\"async\" class=\"size-thumbnail wp-image-1491 alignleft\" src=\"https:\/\/www.igpaffrath.de\/wp\/wp-content\/uploads\/2023\/04\/1680333485682-150x150.jpg\" alt=\"\" width=\"150\" height=\"150\" srcset=\"https:\/\/www.igpaffrath.de\/wp\/wp-content\/uploads\/2023\/04\/1680333485682-150x150.jpg 150w, https:\/\/www.igpaffrath.de\/wp\/wp-content\/uploads\/2023\/04\/1680333485682-580x580.jpg 580w, https:\/\/www.igpaffrath.de\/wp\/wp-content\/uploads\/2023\/04\/1680333485682-940x940.jpg 940w, https:\/\/www.igpaffrath.de\/wp\/wp-content\/uploads\/2023\/04\/1680333485682-768x768.jpg 768w, https:\/\/www.igpaffrath.de\/wp\/wp-content\/uploads\/2023\/04\/1680333485682-1536x1536.jpg 1536w, https:\/\/www.igpaffrath.de\/wp\/wp-content\/uploads\/2023\/04\/1680333485682.jpg 1920w\" sizes=\"auto, (max-width: 150px) 100vw, 150px\" \/><\/a><a href=\"https:\/\/instagram.com\/ig_paffrath?igshid=ZDdkNTZiNTM=\"><img loading=\"lazy\" decoding=\"async\" class=\"size-thumbnail wp-image-1490 alignleft\" src=\"https:\/\/www.igpaffrath.de\/wp\/wp-content\/uploads\/2023\/04\/1680333485667-150x150.jpg\" alt=\"\" width=\"150\" height=\"150\" srcset=\"https:\/\/www.igpaffrath.de\/wp\/wp-content\/uploads\/2023\/04\/1680333485667-150x150.jpg 150w, https:\/\/www.igpaffrath.de\/wp\/wp-content\/uploads\/2023\/04\/1680333485667-580x580.jpg 580w, https:\/\/www.igpaffrath.de\/wp\/wp-content\/uploads\/2023\/04\/1680333485667-940x940.jpg 940w, https:\/\/www.igpaffrath.de\/wp\/wp-content\/uploads\/2023\/04\/1680333485667-768x768.jpg 768w, https:\/\/www.igpaffrath.de\/wp\/wp-content\/uploads\/2023\/04\/1680333485667-1536x1536.jpg 1536w, https:\/\/www.igpaffrath.de\/wp\/wp-content\/uploads\/2023\/04\/1680333485667.jpg 1920w\" sizes=\"auto, (max-width: 150px) 100vw, 150px\" \/><\/a><\/p>\n<p>&nbsp;<\/p>\n","protected":false},"excerpt":{"rendered":"<p>Wie kann es weitergehen? Das 41. Paffrather Dorffest im Jahr 2023 hatte f\u00fcr die Interessengemeinschaft Paffrath e.V. (IGP eV)mit einem herben Verlust abgeschlossen,der nur durch au\u00dfergew\u00f6hnliche Anstrengungen aller Mitgliederausgeglichen werden konnte.Deshalb war der Verein gezwungen, dieses Jahr zu \u201epausieren\u201c. Auf der Suche nach einem tragf\u00e4higen Konzept f\u00fcr die Zukunftbrauchen die Verantwortlichen jetzt \u201eAntworten aus ihrem [&hellip;]<\/p>\n","protected":false},"author":6,"featured_media":0,"parent":0,"menu_order":0,"comment_status":"closed","ping_status":"closed","template":"","meta":{"ngg_post_thumbnail":0,"_mc_calendar":[],"footnotes":""},"class_list":["post-1489","page","type-page","status-publish","hentry"],"_links":{"self":[{"href":"https:\/\/www.igpaffrath.de\/wp\/index.php?rest_route=\/wp\/v2\/pages\/1489","targetHints":{"allow":["GET"]}}],"collection":[{"href":"https:\/\/www.igpaffrath.de\/wp\/index.php?rest_route=\/wp\/v2\/pages"}],"about":[{"href":"https:\/\/www.igpaffrath.de\/wp\/index.php?rest_route=\/wp\/v2\/types\/page"}],"author":[{"embeddable":true,"href":"https:\/\/www.igpaffrath.de\/wp\/index.php?rest_route=\/wp\/v2\/users\/6"}],"replies":[{"embeddable":true,"href":"https:\/\/www.igpaffrath.de\/wp\/index.php?rest_route=%2Fwp%2Fv2%2Fcomments&post=1489"}],"version-history":[{"count":32,"href":"https:\/\/www.igpaffrath.de\/wp\/index.php?rest_route=\/wp\/v2\/pages\/1489\/revisions"}],"predecessor-version":[{"id":1610,"href":"https:\/\/www.igpaffrath.de\/wp\/index.php?rest_route=\/wp\/v2\/pages\/1489\/revisions\/1610"}],"wp:attachment":[{"href":"https:\/\/www.igpaffrath.de\/wp\/index.php?rest_route=%2Fwp%2Fv2%2Fmedia&parent=1489"}],"curies":[{"name":"wp","href":"https:\/\/api.w.org\/{rel}","templated":true}]}}