{"id":20,"date":"2014-04-28T10:21:04","date_gmt":"2014-04-28T08:21:04","guid":{"rendered":"http:\/\/www.igpaffrath.de\/wp\/?page_id=20"},"modified":"2023-03-31T20:48:27","modified_gmt":"2023-03-31T18:48:27","slug":"start","status":"publish","type":"page","link":"https:\/\/www.igpaffrath.de\/wp\/","title":{"rendered":"Start"},"content":{"rendered":"<p>Paffrath liegt im Nordwesten der Stadt Bergisch Gladbach.<\/p>\n<p>Der aus einer fr\u00fchmittelalterlichen Siedlung hervorgegangene Ort, dessen pr\u00e4gendes Ortsbild die Wehrkirche St. Clemens, um 1150 errichtet, ist, bildet mit ansprechenden Altsiedlungen und modernen familienfreundlichen Neubaugebieten ein lebenswertes Misch-Wohngebiet f\u00fcr ca. 7.500 Einwohner.<\/p>\n<p>Gute \u00f6ffentliche Verkehrsverbindungen stehen den Einwohnern zur Verf\u00fcgung. Ob Naherholungsgebiet \u201eDiepeschrath\u201c, Kombibad, Kinder- und Seniorentagesst\u00e4tten, Schulen, Sportpl\u00e4tze, \u00f6ffentliche B\u00fcchereien oder behindertengerechtes Einkaufen \u2013 alles ist gut erreichbar. F\u00fcr die Besorgungen des t\u00e4glichen Bedarf fehlt es an nichts.<\/p>\n<p>Modere Lebensformen und l\u00e4ndliche Tradition sind miteinander verbunden und werden durch viele Vereine und B\u00fcrgergruppen bei regem \u00f6ffentlichen Vereinsleben und gro\u00dfen Festen und Veranstaltungen gef\u00f6rdert und gepflegt.<\/p>\n<p>&nbsp;<\/p>\n<p>&nbsp;<\/p>\n<p>&nbsp;<\/p>\n<p>&nbsp;<\/p>\n<p>&nbsp;<\/p>\n<p>&nbsp;<\/p>\n<p>&nbsp;<\/p>\n<p>&nbsp;<\/p>\n","protected":false},"excerpt":{"rendered":"<p>Paffrath liegt im Nordwesten der Stadt Bergisch Gladbach. Der aus einer fr\u00fchmittelalterlichen Siedlung hervorgegangene Ort, dessen pr\u00e4gendes Ortsbild die Wehrkirche St. Clemens, um 1150 errichtet, ist, bildet mit ansprechenden Altsiedlungen und modernen familienfreundlichen Neubaugebieten ein lebenswertes Misch-Wohngebiet f\u00fcr ca. 7.500 Einwohner. Gute \u00f6ffentliche Verkehrsverbindungen stehen den Einwohnern zur Verf\u00fcgung. Ob Naherholungsgebiet \u201eDiepeschrath\u201c, Kombibad, Kinder- und [&hellip;]<\/p>\n","protected":false},"author":1,"featured_media":0,"parent":0,"menu_order":0,"comment_status":"closed","ping_status":"closed","template":"","meta":{"ngg_post_thumbnail":0,"_mc_calendar":[],"footnotes":""},"class_list":["post-20","page","type-page","status-publish","hentry"],"_links":{"self":[{"href":"https:\/\/www.igpaffrath.de\/wp\/index.php?rest_route=\/wp\/v2\/pages\/20","targetHints":{"allow":["GET"]}}],"collection":[{"href":"https:\/\/www.igpaffrath.de\/wp\/index.php?rest_route=\/wp\/v2\/pages"}],"about":[{"href":"https:\/\/www.igpaffrath.de\/wp\/index.php?rest_route=\/wp\/v2\/types\/page"}],"author":[{"embeddable":true,"href":"https:\/\/www.igpaffrath.de\/wp\/index.php?rest_route=\/wp\/v2\/users\/1"}],"replies":[{"embeddable":true,"href":"https:\/\/www.igpaffrath.de\/wp\/index.php?rest_route=%2Fwp%2Fv2%2Fcomments&post=20"}],"version-history":[{"count":10,"href":"https:\/\/www.igpaffrath.de\/wp\/index.php?rest_route=\/wp\/v2\/pages\/20\/revisions"}],"predecessor-version":[{"id":1475,"href":"https:\/\/www.igpaffrath.de\/wp\/index.php?rest_route=\/wp\/v2\/pages\/20\/revisions\/1475"}],"wp:attachment":[{"href":"https:\/\/www.igpaffrath.de\/wp\/index.php?rest_route=%2Fwp%2Fv2%2Fmedia&parent=20"}],"curies":[{"name":"wp","href":"https:\/\/api.w.org\/{rel}","templated":true}]}}