{"id":4,"date":"2014-04-28T09:50:12","date_gmt":"2014-04-28T07:50:12","guid":{"rendered":"http:\/\/www.igpaffrath.de\/wp\/?page_id=4"},"modified":"2017-07-06T19:41:15","modified_gmt":"2017-07-06T17:41:15","slug":"impressum","status":"publish","type":"page","link":"https:\/\/www.igpaffrath.de\/wp\/?page_id=4","title":{"rendered":"Impressum"},"content":{"rendered":"<p>Interessengemeinschaft Handel, Handwerk, Banken und Vereine Paffrath&nbsp;e.V.<br \/>\n1. Vorsitzender &#8211;&nbsp;Dr. Reinhard Prinzen<br \/>\nJosef-Roemer-Str. 61<br \/>\n51469 Bergisch Gladbach<\/p>\n<p>Telefon: +49 2202 &#8211; 95 17 63<br \/>\nMobil: +49 171 &#8211;&nbsp;78 78 003<br \/>\nWebsite: www.igpaffrath.de<br \/>\nEmail: info(at)igpaffrath.de<\/p>\n<p>Rechtliche Angaben<\/p>\n<p>Technische Angaben<br \/>\nTechnisch Verantwortlicher: IG Paffrath ( info(at)igpaffrath.de)<br \/>\ndessen Webseite www.igpaffrath.de<\/p>\n<p>Weitere Informationen<\/p>\n<ul>\n<li><a title=\"Allg. Nutzungsbedingungen anzeigen\" href=\"http:\/\/www.igpaffrath.de\/wp\/?page_id=266\">Allg. Nutzungsbedingungen anzeigen<\/a><\/li>\n<li><a title=\"Erkl\u00e4rung zum Datenschutz\" href=\"http:\/\/www.igpaffrath.de\/wp\/?page_id=270\">Erkl\u00e4rung zum Datenschutz anzeigen<\/a><\/li>\n<li><a title=\"Haftungshinweise\" href=\"http:\/\/www.igpaffrath.de\/wp\/?page_id=272\">Haftungshinweise (Disclaimer) anzeigen<\/a><\/li>\n<\/ul>\n<p>Trotz sorgf\u00e4ltiger inhaltlicher Kontrolle \u00fcbernehmen wir keine Haftung f\u00fcr die Inhalte externer Links. F\u00fcr den Inhalt der verlinkten Seiten sind ausschlie\u00dflich deren Betreiber verantwortlich.Alle hier verwendeten Namen, Begriffe, Zeichen und Grafiken k\u00f6nnen Marken- oder Warenzeichen im Besitze ihrer rechtlichen Eigent\u00fcmer sein. Die Rechte aller erw\u00e4hnten und benutzten Marken- und Warenzeichen liegen ausschlie\u00dflich bei deren Besitzern<\/p>\n","protected":false},"excerpt":{"rendered":"<p>Interessengemeinschaft Handel, Handwerk, Banken und Vereine Paffrath&nbsp;e.V. 1. Vorsitzender &#8211;&nbsp;Dr. Reinhard Prinzen Josef-Roemer-Str. 61 51469 Bergisch Gladbach Telefon: +49 2202 &#8211; 95 17 63 Mobil: +49 171 &#8211;&nbsp;78 78 003 Website: www.igpaffrath.de Email: info(at)igpaffrath.de Rechtliche Angaben Technische Angaben Technisch Verantwortlicher: IG Paffrath ( info(at)igpaffrath.de) dessen Webseite www.igpaffrath.de Weitere Informationen Allg. Nutzungsbedingungen anzeigen Erkl\u00e4rung zum Datenschutz [&hellip;]<\/p>\n","protected":false},"author":1,"featured_media":0,"parent":0,"menu_order":0,"comment_status":"closed","ping_status":"closed","template":"","meta":{"ngg_post_thumbnail":0,"_mc_calendar":[],"footnotes":""},"class_list":["post-4","page","type-page","status-publish","hentry"],"_links":{"self":[{"href":"https:\/\/www.igpaffrath.de\/wp\/index.php?rest_route=\/wp\/v2\/pages\/4","targetHints":{"allow":["GET"]}}],"collection":[{"href":"https:\/\/www.igpaffrath.de\/wp\/index.php?rest_route=\/wp\/v2\/pages"}],"about":[{"href":"https:\/\/www.igpaffrath.de\/wp\/index.php?rest_route=\/wp\/v2\/types\/page"}],"author":[{"embeddable":true,"href":"https:\/\/www.igpaffrath.de\/wp\/index.php?rest_route=\/wp\/v2\/users\/1"}],"replies":[{"embeddable":true,"href":"https:\/\/www.igpaffrath.de\/wp\/index.php?rest_route=%2Fwp%2Fv2%2Fcomments&post=4"}],"version-history":[{"count":11,"href":"https:\/\/www.igpaffrath.de\/wp\/index.php?rest_route=\/wp\/v2\/pages\/4\/revisions"}],"predecessor-version":[{"id":985,"href":"https:\/\/www.igpaffrath.de\/wp\/index.php?rest_route=\/wp\/v2\/pages\/4\/revisions\/985"}],"wp:attachment":[{"href":"https:\/\/www.igpaffrath.de\/wp\/index.php?rest_route=%2Fwp%2Fv2%2Fmedia&parent=4"}],"curies":[{"name":"wp","href":"https:\/\/api.w.org\/{rel}","templated":true}]}}