{"id":6,"date":"2014-04-28T10:02:29","date_gmt":"2014-04-28T08:02:29","guid":{"rendered":"http:\/\/www.igpaffrath.de\/wp\/?page_id=6"},"modified":"2023-04-01T15:15:39","modified_gmt":"2023-04-01T13:15:39","slug":"ueber-igp","status":"publish","type":"page","link":"https:\/\/www.igpaffrath.de\/wp\/?page_id=6","title":{"rendered":"\u00dcber uns"},"content":{"rendered":"<p>Die Interessengemeinschaft Paffrath ist ein Zusammenschluss von Gesch\u00e4ftsleuten und hat sich zum Ziel gesetzt, die Lebensqualit\u00e4t in Paffrath zu verbessern.<br \/>\nHierzu vertritt sie die Interessen seiner Mitglieder unter anderem gegen\u00fcber der Stadtverwaltung. Das hei\u00dft, dass sie aktiv daran teilnimmt, wenn es z.B. um die Stadtentwicklung oder die Verkehrsplanung geht.<br \/>\nEin wichtiges Aufgabenfeld ist die Organisation und Durchf\u00fchrungen von Veranstaltungen in Paffrath, wie das Dorffest, der Nikolausmarkt oder der Wochenmarkt. Das alles, damit Sie sich in \u201eIhrem\u201c Paffrath wohl f\u00fchlen k\u00f6nnen.<\/p>\n<p>F\u00fcr Anregungen und W\u00fcnsche sprechen Sie einfach die Mitglieder der Interessengemeinschaft an.<\/p>\n<p>Z\u00f6gern Sie nicht, werden Sie Mitglied unserer Interessengemeinschaft und st\u00e4rken Sie somit Ihre Position!<\/p>\n<p>Der Betr\u00e4gt zur Zeit 120 \u20ac\/Halbjahr ist eine lohnende Investition!<br \/>\nWerden Sie Mitglied: Beitrittserkl\u00e4rung, Satzung finden Sie auf der Seite <a title=\"Downloads\" href=\"http:\/\/www.igpaffrath.de\/wp\/?page_id=8\">Downloads<\/a><\/p>\n<p>&nbsp;<\/p>\n","protected":false},"excerpt":{"rendered":"<p>Die Interessengemeinschaft Paffrath ist ein Zusammenschluss von Gesch\u00e4ftsleuten und hat sich zum Ziel gesetzt, die Lebensqualit\u00e4t in Paffrath zu verbessern. Hierzu vertritt sie die Interessen seiner Mitglieder unter anderem gegen\u00fcber der Stadtverwaltung. Das hei\u00dft, dass sie aktiv daran teilnimmt, wenn es z.B. um die Stadtentwicklung oder die Verkehrsplanung geht. Ein wichtiges Aufgabenfeld ist die Organisation [&hellip;]<\/p>\n","protected":false},"author":1,"featured_media":0,"parent":0,"menu_order":0,"comment_status":"closed","ping_status":"closed","template":"","meta":{"ngg_post_thumbnail":0,"_mc_calendar":[],"footnotes":""},"class_list":["post-6","page","type-page","status-publish","hentry"],"_links":{"self":[{"href":"https:\/\/www.igpaffrath.de\/wp\/index.php?rest_route=\/wp\/v2\/pages\/6","targetHints":{"allow":["GET"]}}],"collection":[{"href":"https:\/\/www.igpaffrath.de\/wp\/index.php?rest_route=\/wp\/v2\/pages"}],"about":[{"href":"https:\/\/www.igpaffrath.de\/wp\/index.php?rest_route=\/wp\/v2\/types\/page"}],"author":[{"embeddable":true,"href":"https:\/\/www.igpaffrath.de\/wp\/index.php?rest_route=\/wp\/v2\/users\/1"}],"replies":[{"embeddable":true,"href":"https:\/\/www.igpaffrath.de\/wp\/index.php?rest_route=%2Fwp%2Fv2%2Fcomments&post=6"}],"version-history":[{"count":21,"href":"https:\/\/www.igpaffrath.de\/wp\/index.php?rest_route=\/wp\/v2\/pages\/6\/revisions"}],"predecessor-version":[{"id":1515,"href":"https:\/\/www.igpaffrath.de\/wp\/index.php?rest_route=\/wp\/v2\/pages\/6\/revisions\/1515"}],"wp:attachment":[{"href":"https:\/\/www.igpaffrath.de\/wp\/index.php?rest_route=%2Fwp%2Fv2%2Fmedia&parent=6"}],"curies":[{"name":"wp","href":"https:\/\/api.w.org\/{rel}","templated":true}]}}